{"id":3,"date":"2024-12-12T21:20:32","date_gmt":"2024-12-12T21:20:32","guid":{"rendered":"https:\/\/clanyeco.vamtam.com\/?page_id=3"},"modified":"2026-03-01T07:59:40","modified_gmt":"2026-03-01T06:59:40","slug":"polityka-prywatnosci","status":"publish","type":"page","link":"https:\/\/dogsweethome.pl\/es\/treningi\/polityka-prywatnosci\/","title":{"rendered":"Pol\u00edtica de privacidad"},"content":{"rendered":"<div data-elementor-type=\"wp-page\" data-elementor-id=\"3\" class=\"elementor elementor-3\" data-elementor-post-type=\"page\">\n\t\t\t\t<div class=\"elementor-element elementor-element-b23b2b2 e-flex e-con-boxed e-con e-parent\" data-id=\"b23b2b2\" data-element_type=\"container\" data-e-type=\"container\">\n\t\t\t\t\t<div class=\"e-con-inner\">\n\t\t\t\t<div class=\"vamtam-has-theme-widget-styles elementor-element elementor-element-c8a4f22 elementor-widget elementor-widget-text-editor\" data-id=\"c8a4f22\" data-element_type=\"widget\" data-e-type=\"widget\" data-widget_type=\"text-editor.default\">\n\t\t\t\t<div class=\"elementor-widget-container\">\n\t\t\t\t\t\t\t\t\t<h2 data-start=\"332\" data-end=\"355\">1. Informacje og\u00f3lne<\/h2><p data-start=\"357\" data-end=\"533\">Niniejsza Polityka prywatno\u015bci okre\u015bla zasady przetwarzania danych osobowych oraz wykorzystywania plik\u00f3w cookies w zwi\u0105zku z korzystaniem ze strony internetowej Dog Sweet Home.<\/p><p data-start=\"535\" data-end=\"573\">Administratorem danych osobowych jest Joanna Kubicka, hej@dogsweethome.pl, +48 668 908 203<\/p><p data-start=\"733\" data-end=\"901\">Administrator przetwarza dane osobowe zgodnie z obowi\u0105zuj\u0105cymi przepisami prawa, w szczeg\u00f3lno\u015bci z Rozporz\u0105dzeniem Parlamentu Europejskiego i Rady (UE) 2016\/679 (RODO).<\/p><hr data-start=\"903\" data-end=\"906\" \/><h2 data-start=\"908\" data-end=\"938\">2. Zakres zbieranych danych<\/h2><p data-start=\"940\" data-end=\"1035\">W zale\u017cno\u015bci od sposobu korzystania ze strony, Administrator mo\u017ce przetwarza\u0107 nast\u0119puj\u0105ce dane:<\/p><ul data-start=\"1037\" data-end=\"1310\"><li data-start=\"1037\" data-end=\"1055\"><p data-start=\"1039\" data-end=\"1055\">imi\u0119 i nazwisko,<\/p><\/li><li data-start=\"1056\" data-end=\"1073\"><p data-start=\"1058\" data-end=\"1073\">numer telefonu,<\/p><\/li><li data-start=\"1074\" data-end=\"1089\"><p data-start=\"1076\" data-end=\"1089\">adres e-mail,<\/p><\/li><li data-start=\"1090\" data-end=\"1130\"><p data-start=\"1092\" data-end=\"1130\">dane zawarte w formularzu kontaktowym,<\/p><\/li><li data-start=\"1131\" data-end=\"1195\"><p data-start=\"1133\" data-end=\"1195\">dane dotycz\u0105ce psa (np. wiek, rasa, stan zdrowia, zachowania),<\/p><\/li><li data-start=\"1244\" data-end=\"1310\"><p data-start=\"1246\" data-end=\"1310\">adres IP oraz dane techniczne zwi\u0105zane z korzystaniem ze strony.<\/p><\/li><\/ul><p data-start=\"1312\" data-end=\"1427\">Podanie danych jest dobrowolne, ale mo\u017ce by\u0107 niezb\u0119dne do udzielenia odpowiedzi na zapytanie lub realizacji us\u0142ugi.<\/p><hr data-start=\"1429\" data-end=\"1432\" \/><h2 data-start=\"1434\" data-end=\"1465\">3. Cele przetwarzania danych<\/h2><p data-start=\"1467\" data-end=\"1503\">Dane osobowe przetwarzane s\u0105 w celu:<\/p><ul data-start=\"1505\" data-end=\"1857\"><li data-start=\"1505\" data-end=\"1590\"><p data-start=\"1507\" data-end=\"1590\">udzielenia odpowiedzi na zapytanie przes\u0142ane przez formularz kontaktowy lub e-mail,<\/p><\/li><li data-start=\"1591\" data-end=\"1666\"><p data-start=\"1593\" data-end=\"1666\">realizacji us\u0142ug treningowych, konsultacyjnych oraz opieki rezydencyjnej,<\/p><\/li><li data-start=\"1667\" data-end=\"1705\"><p data-start=\"1669\" data-end=\"1705\">prowadzenia dokumentacji wsp\u00f3\u0142pracy,<\/p><\/li><li data-start=\"1800\" data-end=\"1857\"><p data-start=\"1802\" data-end=\"1857\">zapewnienia prawid\u0142owego dzia\u0142ania strony internetowej.<\/p><\/li><\/ul><p data-start=\"1859\" data-end=\"1894\">Podstaw\u0105 przetwarzania danych jest:<\/p><ul data-start=\"1896\" data-end=\"2173\"><li data-start=\"1896\" data-end=\"1977\"><p data-start=\"1898\" data-end=\"1977\">art. 6 ust. 1 lit. b RODO \u2013 realizacja umowy lub dzia\u0142ania przed jej zawarciem,<\/p><\/li><li data-start=\"1978\" data-end=\"2025\"><p data-start=\"1980\" data-end=\"2025\">art. 6 ust. 1 lit. c RODO \u2013 obowi\u0105zek prawny,<\/p><\/li><li data-start=\"2026\" data-end=\"2099\"><p data-start=\"2028\" data-end=\"2099\">art. 6 ust. 1 lit. f RODO \u2013 prawnie uzasadniony interes Administratora,<\/p><\/li><li data-start=\"2100\" data-end=\"2173\"><p data-start=\"2102\" data-end=\"2173\">art. 6 ust. 1 lit. a RODO \u2013 zgoda (w przypadku dzia\u0142a\u0144 marketingowych).<\/p><\/li><\/ul><hr data-start=\"2175\" data-end=\"2178\" \/><h2 data-start=\"2180\" data-end=\"2213\">4. Okres przechowywania danych<\/h2><p data-start=\"2215\" data-end=\"2257\">Dane osobowe przechowywane s\u0105 przez okres:<\/p><ul data-start=\"2259\" data-end=\"2495\"><li data-start=\"2259\" data-end=\"2367\"><p data-start=\"2261\" data-end=\"2367\">trwania wsp\u00f3\u0142pracy oraz po jej zako\u0144czeniu,<\/p><\/li><li data-start=\"2419\" data-end=\"2495\"><p data-start=\"2421\" data-end=\"2495\">do momentu cofni\u0119cia zgody \u2013 w przypadku przetwarzania na podstawie zgody.<\/p><\/li><\/ul><hr data-start=\"2497\" data-end=\"2500\" \/><h2 data-start=\"2502\" data-end=\"2523\">5. Odbiorcy danych<\/h2><p data-start=\"2525\" data-end=\"2665\">Dane mog\u0105 by\u0107 przekazywane podmiotom wsp\u00f3\u0142pracuj\u0105cym z Administratorem wy\u0142\u0105cznie w zakresie niezb\u0119dnym do realizacji us\u0142ug, w szczeg\u00f3lno\u015bci:<\/p><ul data-start=\"2667\" data-end=\"2863\"><li data-start=\"2687\" data-end=\"2708\"><p data-start=\"2689\" data-end=\"2708\">firmie hostingowej,<\/p><\/li><li data-start=\"2709\" data-end=\"2742\"><p data-start=\"2711\" data-end=\"2742\">dostawcy poczty elektronicznej,<\/p><\/li><li data-start=\"2743\" data-end=\"2777\"><p data-start=\"2745\" data-end=\"2777\">podmiotom \u015bwiadcz\u0105cym us\u0142ugi IT,<\/p><\/li><li data-start=\"2778\" data-end=\"2863\"><p data-start=\"2780\" data-end=\"2863\">lekarzowi weterynarii \u2013 w przypadku konieczno\u015bci zapewnienia opieki zdrowotnej psu.<\/p><\/li><\/ul><p data-start=\"2865\" data-end=\"3063\">Dane nie s\u0105 przekazywane poza Europejski Obszar Gospodarczy, chyba \u017ce wynika to z korzystania z narz\u0119dzi informatycznych (np. system\u00f3w pocztowych), kt\u00f3re zapewniaj\u0105 odpowiedni poziom ochrony danych.<\/p><hr data-start=\"3065\" data-end=\"3068\" \/><h2 data-start=\"3070\" data-end=\"3108\">6. Prawa osoby, kt\u00f3rej dane dotycz\u0105<\/h2><p data-start=\"3110\" data-end=\"3145\">Ka\u017cdej osobie przys\u0142uguje prawo do:<\/p><ul data-start=\"3147\" data-end=\"3393\"><li data-start=\"3147\" data-end=\"3174\"><p data-start=\"3149\" data-end=\"3174\">dost\u0119pu do swoich danych,<\/p><\/li><li data-start=\"3175\" data-end=\"3194\"><p data-start=\"3177\" data-end=\"3194\">ich sprostowania,<\/p><\/li><li data-start=\"3195\" data-end=\"3207\"><p data-start=\"3197\" data-end=\"3207\">usuni\u0119cia,<\/p><\/li><li data-start=\"3208\" data-end=\"3237\"><p data-start=\"3210\" data-end=\"3237\">ograniczenia przetwarzania,<\/p><\/li><li data-start=\"3238\" data-end=\"3260\"><p data-start=\"3240\" data-end=\"3260\">przenoszenia danych,<\/p><\/li><li data-start=\"3261\" data-end=\"3304\"><p data-start=\"3263\" data-end=\"3304\">wniesienia sprzeciwu wobec przetwarzania,<\/p><\/li><li data-start=\"3305\" data-end=\"3393\"><p data-start=\"3307\" data-end=\"3393\">cofni\u0119cia zgody w dowolnym momencie (je\u015bli przetwarzanie odbywa si\u0119 na jej podstawie).<\/p><\/li><\/ul><p data-start=\"3395\" data-end=\"3504\">W celu realizacji swoich praw nale\u017cy skontaktowa\u0107 si\u0119 z Administratorem pod adresem e-mail wskazanym powy\u017cej.<\/p><p data-start=\"3506\" data-end=\"3612\">Osoba, kt\u00f3rej dane dotycz\u0105, ma r\u00f3wnie\u017c prawo wniesienia skargi do Prezesa Urz\u0119du Ochrony Danych Osobowych.<\/p><hr data-start=\"3614\" data-end=\"3617\" \/><h2 data-start=\"3619\" data-end=\"3638\">7. Pliki cookies<\/h2><p data-start=\"3640\" data-end=\"3681\">Strona wykorzystuje pliki cookies w celu:<\/p><ul data-start=\"3683\" data-end=\"3834\"><li data-start=\"3683\" data-end=\"3727\"><p data-start=\"3685\" data-end=\"3727\">zapewnienia prawid\u0142owego dzia\u0142ania strony,<\/p><\/li><li data-start=\"3728\" data-end=\"3754\"><p data-start=\"3730\" data-end=\"3754\">poprawy funkcjonalno\u015bci,<\/p><\/li><li data-start=\"3755\" data-end=\"3834\"><p data-start=\"3757\" data-end=\"3834\">prowadzenia anonimowych statystyk (je\u015bli stosowane s\u0105 narz\u0119dzia analityczne).<\/p><\/li><\/ul><p data-start=\"3836\" data-end=\"3940\">U\u017cytkownik mo\u017ce w ka\u017cdej chwili zmieni\u0107 ustawienia dotycz\u0105ce cookies w swojej przegl\u0105darce internetowej.<\/p><p data-start=\"3942\" data-end=\"4022\">Ograniczenie stosowania cookies mo\u017ce wp\u0142yn\u0105\u0107 na niekt\u00f3re funkcjonalno\u015bci strony.<\/p><hr data-start=\"4024\" data-end=\"4027\" \/><h2 data-start=\"4029\" data-end=\"4056\">8. Bezpiecze\u0144stwo danych<\/h2><p data-start=\"4058\" data-end=\"4230\">Administrator stosuje odpowiednie \u015brodki techniczne i organizacyjne w celu ochrony danych osobowych przed ich utrat\u0105, nieuprawnionym dost\u0119pem, ujawnieniem lub zniszczeniem.<\/p><hr data-start=\"4232\" data-end=\"4235\" \/><h2 data-start=\"4237\" data-end=\"4270\">9. Zmiany Polityki prywatno\u015bci<\/h2><p data-start=\"4272\" data-end=\"4436\">Administrator zastrzega sobie prawo do wprowadzania zmian w niniejszej Polityce prywatno\u015bci. Aktualna wersja dokumentu jest zawsze dost\u0119pna na stronie internetowej.<\/p>\t\t\t\t\t\t\t\t<\/div>\n\t\t\t\t<\/div>\n\t\t\t\t\t<\/div>\n\t\t\t\t<\/div>\n\t\t\t\t<\/div>","protected":false},"excerpt":{"rendered":"<p>Co warto wiedzie\u0107<\/p>","protected":false},"author":1,"featured_media":0,"parent":25,"menu_order":0,"comment_status":"closed","ping_status":"closed","template":"","meta":{"footnotes":""},"class_list":["post-3","page","type-page","status-publish","hentry"],"_links":{"self":[{"href":"https:\/\/dogsweethome.pl\/es\/wp-json\/wp\/v2\/pages\/3","targetHints":{"allow":["GET"]}}],"collection":[{"href":"https:\/\/dogsweethome.pl\/es\/wp-json\/wp\/v2\/pages"}],"about":[{"href":"https:\/\/dogsweethome.pl\/es\/wp-json\/wp\/v2\/types\/page"}],"author":[{"embeddable":true,"href":"https:\/\/dogsweethome.pl\/es\/wp-json\/wp\/v2\/users\/1"}],"replies":[{"embeddable":true,"href":"https:\/\/dogsweethome.pl\/es\/wp-json\/wp\/v2\/comments?post=3"}],"version-history":[{"count":11,"href":"https:\/\/dogsweethome.pl\/es\/wp-json\/wp\/v2\/pages\/3\/revisions"}],"predecessor-version":[{"id":987980,"href":"https:\/\/dogsweethome.pl\/es\/wp-json\/wp\/v2\/pages\/3\/revisions\/987980"}],"up":[{"embeddable":true,"href":"https:\/\/dogsweethome.pl\/es\/wp-json\/wp\/v2\/pages\/25"}],"wp:attachment":[{"href":"https:\/\/dogsweethome.pl\/es\/wp-json\/wp\/v2\/media?parent=3"}],"curies":[{"name":"wp","href":"https:\/\/api.w.org\/{rel}","templated":true}]}}