{"id":27,"date":"2024-12-27T10:30:18","date_gmt":"2024-12-27T10:30:18","guid":{"rendered":"https:\/\/clanyeco.vamtam.com\/?page_id=27"},"modified":"2026-03-04T19:01:29","modified_gmt":"2026-03-04T18:01:29","slug":"blog","status":"publish","type":"page","link":"https:\/\/dogsweethome.pl\/es\/blog\/","title":{"rendered":"Blog"},"content":{"rendered":"\t\t<div data-elementor-type=\"wp-page\" data-elementor-id=\"27\" class=\"elementor elementor-27\" data-elementor-post-type=\"page\">\n\t\t\t\t<div class=\"elementor-element elementor-element-ef0547a e-flex e-con-boxed e-con e-parent\" data-id=\"ef0547a\" data-element_type=\"container\" data-e-type=\"container\">\n\t\t\t\t\t<div class=\"e-con-inner\">\n\t\t\t\t<div class=\"vamtam-has-theme-widget-styles elementor-element elementor-element-b2269b4 elementor-grid-tablet-1 elementor-grid-1 elementor-grid-mobile-1 elementor-widget elementor-widget-loop-grid\" data-id=\"b2269b4\" data-element_type=\"widget\" data-e-type=\"widget\" data-settings=\"{&quot;template_id&quot;:&quot;7194&quot;,&quot;row_gap&quot;:{&quot;unit&quot;:&quot;custom&quot;,&quot;size&quot;:&quot;8vh&quot;,&quot;sizes&quot;:[]},&quot;columns_tablet&quot;:1,&quot;row_gap_mobile&quot;:{&quot;unit&quot;:&quot;px&quot;,&quot;size&quot;:30,&quot;sizes&quot;:[]},&quot;columns&quot;:1,&quot;row_gap_tablet&quot;:{&quot;unit&quot;:&quot;custom&quot;,&quot;size&quot;:&quot;&quot;,&quot;sizes&quot;:[]},&quot;_skin&quot;:&quot;post&quot;,&quot;columns_mobile&quot;:&quot;1&quot;,&quot;edit_handle_selector&quot;:&quot;[data-elementor-type=\\&quot;loop-item\\&quot;]&quot;}\" data-widget_type=\"loop-grid.post\">\n\t\t\t\t<div class=\"elementor-widget-container\">\n\t\t\t\t\t\t\t<div class=\"elementor-loop-container elementor-grid\" role=\"list\">\n\t\t<style id=\"loop-dynamic-7194\">.e-loop-item-943 .elementor-element.elementor-element-6df7cc8:not(.elementor-motion-effects-element-type-background), .e-loop-item-943 .elementor-element.elementor-element-6df7cc8 > .elementor-motion-effects-container > .elementor-motion-effects-layer{background-image:url(\"https:\/\/dogsweethome.pl\/wp-content\/uploads\/2025\/03\/parowka.jpg\");}<\/style><style id=\"loop-7194\">.elementor-7194 .elementor-element.elementor-element-56556a2{--display:flex;--flex-direction:row;--container-widget-width:initial;--container-widget-height:100%;--container-widget-flex-grow:1;--container-widget-align-self:stretch;--flex-wrap-mobile:wrap;--gap:0px 20px;--row-gap:0px;--column-gap:20px;--padding-top:0px;--padding-bottom:0px;--padding-left:0px;--padding-right:0px;}.elementor-7194 .elementor-element.elementor-element-7c8c925{--display:flex;--min-height:430px;--flex-direction:column;--container-widget-width:100%;--container-widget-height:initial;--container-widget-flex-grow:0;--container-widget-align-self:initial;--flex-wrap-mobile:wrap;--justify-content:center;--gap:5px 20px;--row-gap:5px;--column-gap:20px;--padding-top:3vh;--padding-bottom:3vh;--padding-left:3vh;--padding-right:3vh;}.elementor-7194 .elementor-element.elementor-element-7c8c925:not(.elementor-motion-effects-element-type-background), .elementor-7194 .elementor-element.elementor-element-7c8c925 > .elementor-motion-effects-container > .elementor-motion-effects-layer{background-color:var( --e-global-color-vamtam_accent_4 );}.elementor-7194 .elementor-element.elementor-element-e4760fa .elementor-icon-list-icon{width:14px;}.elementor-7194 .elementor-element.elementor-element-e4760fa .elementor-icon-list-icon i{font-size:14px;}.elementor-7194 .elementor-element.elementor-element-e4760fa .elementor-icon-list-icon svg{--e-icon-list-icon-size:14px;}.elementor-7194 .elementor-element.elementor-element-e4760fa .elementor-icon-list-text, .elementor-7194 .elementor-element.elementor-element-e4760fa .elementor-icon-list-text a{color:var( --e-global-color-vamtam_accent_2 );}.elementor-7194 .elementor-element.elementor-element-e4760fa .elementor-icon-list-item{font-family:var( --e-global-typography-vamtam_h6-font-family ), Sans-serif;font-size:var( --e-global-typography-vamtam_h6-font-size );font-weight:var( --e-global-typography-vamtam_h6-font-weight );text-transform:var( --e-global-typography-vamtam_h6-text-transform );font-style:var( --e-global-typography-vamtam_h6-font-style );text-decoration:var( --e-global-typography-vamtam_h6-text-decoration );line-height:var( --e-global-typography-vamtam_h6-line-height );letter-spacing:var( --e-global-typography-vamtam_h6-letter-spacing );word-spacing:var( --e-global-typography-vamtam_h6-word-spacing );}.elementor-7194 .elementor-element.elementor-element-c461739 .elementor-heading-title{font-family:var( --e-global-typography-vamtam_h2-font-family ), Sans-serif;font-size:var( --e-global-typography-vamtam_h2-font-size );font-weight:var( --e-global-typography-vamtam_h2-font-weight );text-transform:var( --e-global-typography-vamtam_h2-text-transform );font-style:var( --e-global-typography-vamtam_h2-font-style );text-decoration:var( --e-global-typography-vamtam_h2-text-decoration );line-height:var( --e-global-typography-vamtam_h2-line-height );letter-spacing:var( --e-global-typography-vamtam_h2-letter-spacing );word-spacing:var( --e-global-typography-vamtam_h2-word-spacing );}.elementor-7194 .elementor-element.elementor-element-c461739 .elementor-heading-title a:hover, .elementor-7194 .elementor-element.elementor-element-c461739 .elementor-heading-title a:focus{color:var( --e-global-color-vamtam_accent_2 );}.elementor-7194 .elementor-element.elementor-element-c461739 > .elementor-widget-container{margin:0px 0px 35px 0px;}.elementor-7194 .elementor-element.elementor-element-d7e248c .elementor-button-content-wrapper{flex-direction:row-reverse;}.elementor-7194 .elementor-element.elementor-element-d7e248c .elementor-button .elementor-button-content-wrapper{justify-content:space-between;}.elementor-7194 .elementor-element.elementor-element-d7e248c .elementor-button{background-color:var( --e-global-color-vamtam_accent_5 );padding:8px 9px 8px 20px;}.elementor-7194 .elementor-element.elementor-element-d7e248c.vamtam-has-icon-styles .elementor-button-icon :is(svg, i){font-size:8px;fill:var( --e-global-color-vamtam_accent_2 );color:var( --e-global-color-vamtam_accent_2 );background-color:var( --e-global-color-vamtam_accent_3 );border-radius:100px 100px 100px 100px;margin:0px 0px 0px 0px;padding:12px 12px 12px 12px;}.elementor-7194 .elementor-element.elementor-element-d7e248c{width:var( --container-widget-width, 260px );max-width:260px;--container-widget-width:260px;--container-widget-flex-grow:0;}.elementor-7194 .elementor-element.elementor-element-6df7cc8{--display:flex;--flex-direction:column;--container-widget-width:100%;--container-widget-height:initial;--container-widget-flex-grow:0;--container-widget-align-self:initial;--flex-wrap-mobile:wrap;}.elementor-7194 .elementor-element.elementor-element-6df7cc8:not(.elementor-motion-effects-element-type-background), .elementor-7194 .elementor-element.elementor-element-6df7cc8 > .elementor-motion-effects-container > .elementor-motion-effects-layer{background-position:center center;background-repeat:no-repeat;background-size:cover;}@media(max-width:1024px){.elementor-7194 .elementor-element.elementor-element-7c8c925{--min-height:350px;}.elementor-7194 .elementor-element.elementor-element-e4760fa .elementor-icon-list-item{font-size:var( --e-global-typography-vamtam_h6-font-size );line-height:var( --e-global-typography-vamtam_h6-line-height );letter-spacing:var( --e-global-typography-vamtam_h6-letter-spacing );word-spacing:var( --e-global-typography-vamtam_h6-word-spacing );}.elementor-7194 .elementor-element.elementor-element-c461739 .elementor-heading-title{font-size:var( --e-global-typography-vamtam_h2-font-size );line-height:var( --e-global-typography-vamtam_h2-line-height );letter-spacing:var( --e-global-typography-vamtam_h2-letter-spacing );word-spacing:var( --e-global-typography-vamtam_h2-word-spacing );}}@media(max-width:767px){.elementor-7194 .elementor-element.elementor-element-56556a2{--gap:20px 20px;--row-gap:20px;--column-gap:20px;}.elementor-7194 .elementor-element.elementor-element-7c8c925{--min-height:120px;--padding-top:30px;--padding-bottom:30px;--padding-left:20px;--padding-right:20px;}.elementor-7194 .elementor-element.elementor-element-e4760fa .elementor-icon-list-item{font-size:var( --e-global-typography-vamtam_h6-font-size );line-height:var( --e-global-typography-vamtam_h6-line-height );letter-spacing:var( --e-global-typography-vamtam_h6-letter-spacing );word-spacing:var( --e-global-typography-vamtam_h6-word-spacing );}.elementor-7194 .elementor-element.elementor-element-c461739 .elementor-heading-title{font-size:var( --e-global-typography-vamtam_h2-font-size );line-height:var( --e-global-typography-vamtam_h2-line-height );letter-spacing:var( --e-global-typography-vamtam_h2-letter-spacing );word-spacing:var( --e-global-typography-vamtam_h2-word-spacing );}.elementor-7194 .elementor-element.elementor-element-c461739 > .elementor-widget-container{margin:0px 0px 15px 0px;}.elementor-7194 .elementor-element.elementor-element-6df7cc8{--min-height:260px;}.elementor-7194 .elementor-element.elementor-element-6df7cc8.e-con{--order:-99999 \/* order start hack *\/;}}@media(min-width:768px){.elementor-7194 .elementor-element.elementor-element-7c8c925{--width:50%;}.elementor-7194 .elementor-element.elementor-element-6df7cc8{--width:50%;}}<\/style>\t\t<div data-elementor-type=\"loop-item\" data-elementor-id=\"7194\" class=\"elementor elementor-7194 e-loop-item e-loop-item-943 post-943 post type-post status-publish format-standard has-post-thumbnail hentry category-artykuly\" data-elementor-post-type=\"elementor_library\" data-custom-edit-handle=\"1\">\n\t\t\t<div class=\"elementor-element elementor-element-56556a2 e-con-full e-flex e-con e-parent\" data-id=\"56556a2\" data-element_type=\"container\" data-e-type=\"container\">\n\t\t<div class=\"elementor-element elementor-element-7c8c925 e-con-full vamtam-has-theme-cp vamtam-cp-top-left e-flex e-con e-child\" data-id=\"7c8c925\" data-element_type=\"container\" data-e-type=\"container\" data-settings=\"{&quot;background_background&quot;:&quot;classic&quot;}\">\n\t\t\t\t<div class=\"elementor-element elementor-element-e4760fa elementor-widget elementor-widget-post-info\" data-id=\"e4760fa\" data-element_type=\"widget\" data-e-type=\"widget\" data-widget_type=\"post-info.default\">\n\t\t\t\t<div class=\"elementor-widget-container\">\n\t\t\t\t\t\t\t<ul class=\"elementor-inline-items elementor-icon-list-items elementor-post-info\">\n\t\t\t\t\t\t\t\t<li class=\"elementor-icon-list-item elementor-repeater-item-3d8ad79 elementor-inline-item\" itemprop=\"about\">\n\t\t\t\t\t\t\t\t\t\t\t\t\t<span class=\"elementor-icon-list-text elementor-post-info__item elementor-post-info__item--type-terms\">\n\t\t\t\t\t\t\t\t\t\t<span class=\"elementor-post-info__terms-list\">\n\t\t\t\t<a href=\"https:\/\/dogsweethome.pl\/es\/category\/artykuly\/\" class=\"elementor-post-info__terms-list-item\">Artyku\u0142y<\/a>\t\t\t\t<\/span>\n\t\t\t\t\t<\/span>\n\t\t\t\t\t\t\t\t<\/li>\n\t\t\t\t<\/ul>\n\t\t\t\t\t\t<\/div>\n\t\t\t\t<\/div>\n\t\t\t\t<div class=\"elementor-element elementor-element-c461739 elementor-widget elementor-widget-theme-post-title elementor-page-title elementor-widget-heading\" data-id=\"c461739\" data-element_type=\"widget\" data-e-type=\"widget\" data-widget_type=\"theme-post-title.default\">\n\t\t\t\t<div class=\"elementor-widget-container\">\n\t\t\t\t\t<h4 class=\"elementor-heading-title elementor-size-default\"><a href=\"https:\/\/dogsweethome.pl\/es\/co-dzieje-sie-w-mozgu-psa-gdy-cwiczy-samokontrole\/\">Co dzieje si\u0119 w m\u00f3zgu psa, gdy \u0107wiczy samokontrol\u0119?<\/a><\/h4>\t\t\t\t<\/div>\n\t\t\t\t<\/div>\n\t\t\t\t<div class=\"vamtam-has-theme-widget-styles elementor-element elementor-element-d7e248c elementor-align-justify vamtam-has-icon-styles vamtam-has-hover-anim elementor-widget__width-initial elementor-widget elementor-widget-button\" data-id=\"d7e248c\" data-element_type=\"widget\" data-e-type=\"widget\" data-widget_type=\"button.default\">\n\t\t\t\t<div class=\"elementor-widget-container\">\n\t\t\t\t\t\t\t\t\t<div class=\"elementor-button-wrapper\">\n\t\t\t\t\t<a class=\"elementor-button elementor-button-link elementor-size-sm\" href=\"https:\/\/dogsweethome.pl\/es\/co-dzieje-sie-w-mozgu-psa-gdy-cwiczy-samokontrole\/\">\n\t\t\t\t\t\t<span class=\"elementor-button-content-wrapper\">\n\t\t\t\t\t\t<span class=\"elementor-button-icon\">\n\t\t\t\t<i aria-hidden=\"true\" class=\"vamtamtheme- vamtam-theme-arrow-right\"><\/i>\t\t\t<\/span>\n\t\t\t\t\t\t\t\t\t<span class=\"elementor-button-text\">Czytaj dalej<\/span>\n\t\t\t\t\t<\/span>\n\t\t\t\t\t<\/a>\n\t\t\t\t<\/div>\n\t\t\t\t\t\t\t\t<\/div>\n\t\t\t\t<\/div>\n\t\t\t\t<\/div>\n\t\t<div class=\"elementor-element elementor-element-6df7cc8 e-con-full vamtam-has-theme-cp vamtam-cp-top-right e-flex e-con e-child\" data-id=\"6df7cc8\" data-element_type=\"container\" data-e-type=\"container\" data-settings=\"{&quot;background_background&quot;:&quot;classic&quot;}\">\n\t\t\t\t<\/div>\n\t\t\t\t<\/div>\n\t\t\t\t<\/div>\n\t\t\t\t<\/div>\n\t\t\n\t\t\t\t\t\t<\/div>\n\t\t\t\t<\/div>\n\t\t\t\t\t<\/div>\n\t\t\t\t<\/div>\n\t\t<div class=\"elementor-element elementor-element-ccdda6a e-flex e-con-boxed e-con e-parent\" data-id=\"ccdda6a\" data-element_type=\"container\" data-e-type=\"container\">\n\t\t\t\t\t<div class=\"e-con-inner\">\n\t\t\t\t<div class=\"vamtam-has-theme-widget-styles elementor-element elementor-element-a870514 elementor-grid-tablet-3 vamtam-has-btn-hover-anim elementor-grid-3 elementor-grid-mobile-1 elementor-widget elementor-widget-loop-grid\" data-id=\"a870514\" data-element_type=\"widget\" data-e-type=\"widget\" data-settings=\"{&quot;template_id&quot;:958,&quot;row_gap&quot;:{&quot;unit&quot;:&quot;custom&quot;,&quot;size&quot;:&quot;8vh&quot;,&quot;sizes&quot;:[]},&quot;columns_tablet&quot;:3,&quot;row_gap_mobile&quot;:{&quot;unit&quot;:&quot;px&quot;,&quot;size&quot;:30,&quot;sizes&quot;:[]},&quot;pagination_type&quot;:&quot;load_more_on_click&quot;,&quot;row_gap_tablet&quot;:{&quot;unit&quot;:&quot;px&quot;,&quot;size&quot;:40,&quot;sizes&quot;:[]},&quot;_skin&quot;:&quot;post&quot;,&quot;columns&quot;:&quot;3&quot;,&quot;columns_mobile&quot;:&quot;1&quot;,&quot;edit_handle_selector&quot;:&quot;[data-elementor-type=\\&quot;loop-item\\&quot;]&quot;,&quot;load_more_spinner&quot;:{&quot;value&quot;:&quot;fas fa-spinner&quot;,&quot;library&quot;:&quot;fa-solid&quot;}}\" data-widget_type=\"loop-grid.post\">\n\t\t\t\t<div class=\"elementor-widget-container\">\n\t\t\t\t\t\t\t<div class=\"e-loop-nothing-found-message\">\n\t\t<\/div>\n\t\t\t\t\t\t<\/div>\n\t\t\t\t<\/div>\n\t\t\t\t\t<\/div>\n\t\t\t\t<\/div>\n\t\t\t\t<\/div>\n\t\t","protected":false},"excerpt":{"rendered":"<p>Co\u015b do poczytania<\/p>","protected":false},"author":1,"featured_media":0,"parent":0,"menu_order":0,"comment_status":"closed","ping_status":"closed","template":"","meta":{"footnotes":""},"class_list":["post-27","page","type-page","status-publish","hentry"],"_links":{"self":[{"href":"https:\/\/dogsweethome.pl\/es\/wp-json\/wp\/v2\/pages\/27","targetHints":{"allow":["GET"]}}],"collection":[{"href":"https:\/\/dogsweethome.pl\/es\/wp-json\/wp\/v2\/pages"}],"about":[{"href":"https:\/\/dogsweethome.pl\/es\/wp-json\/wp\/v2\/types\/page"}],"author":[{"embeddable":true,"href":"https:\/\/dogsweethome.pl\/es\/wp-json\/wp\/v2\/users\/1"}],"replies":[{"embeddable":true,"href":"https:\/\/dogsweethome.pl\/es\/wp-json\/wp\/v2\/comments?post=27"}],"version-history":[{"count":4,"href":"https:\/\/dogsweethome.pl\/es\/wp-json\/wp\/v2\/pages\/27\/revisions"}],"predecessor-version":[{"id":988548,"href":"https:\/\/dogsweethome.pl\/es\/wp-json\/wp\/v2\/pages\/27\/revisions\/988548"}],"wp:attachment":[{"href":"https:\/\/dogsweethome.pl\/es\/wp-json\/wp\/v2\/media?parent=27"}],"curies":[{"name":"wp","href":"https:\/\/api.w.org\/{rel}","templated":true}]}}